{"id":3788,"date":"2021-11-01T00:00:11","date_gmt":"2021-11-01T00:00:11","guid":{"rendered":"https:\/\/undmica.de\/projekte\/"},"modified":"2026-03-28T17:22:38","modified_gmt":"2026-03-28T17:22:38","slug":"projects","status":"publish","type":"page","link":"https:\/\/undmica.de\/en\/projects\/","title":{"rendered":"Projects"},"content":{"rendered":"","protected":false},"excerpt":{"rendered":"","protected":false},"author":5,"featured_media":21313,"parent":0,"menu_order":9,"comment_status":"closed","ping_status":"closed","template":"page-no-scrolling-header.php","meta":{"_acf_changed":false,"wp_mapbox_gl_js_media":[],"wp_typography_post_enhancements_disabled":false,"footnotes":""},"class_list":["post-3788","page","type-page","status-publish","has-post-thumbnail","hentry"],"acf":[],"yoast_head":"<!-- This site is optimized with the Yoast SEO plugin v27.2 - https:\/\/yoast.com\/product\/yoast-seo-wordpress\/ -->\n<title>Projects &amp;MICA \u2013 Architecture for City &amp; Society<\/title>\n<meta name=\"description\" content=\"Pioneering architectural projects with sustainable solutions for living, working, and urban experience. Innovative, digital and future-ready.\" \/>\n<meta name=\"robots\" content=\"index, follow, max-snippet:-1, max-image-preview:large, max-video-preview:-1\" \/>\n<link rel=\"canonical\" href=\"https:\/\/undmica.de\/en\/projects\/\" \/>\n<meta property=\"og:locale\" content=\"en_US\" \/>\n<meta property=\"og:type\" content=\"article\" \/>\n<meta property=\"og:title\" content=\"Projects &amp;MICA \u2013 Architecture for City &amp; Society\" \/>\n<meta property=\"og:description\" content=\"Pioneering architectural projects with sustainable solutions for living, working, and urban experience. Innovative, digital and future-ready.\" \/>\n<meta property=\"og:url\" content=\"https:\/\/undmica.de\/en\/projects\/\" \/>\n<meta property=\"og:site_name\" content=\"&amp;MICA\" \/>\n<meta property=\"article:publisher\" content=\"https:\/\/www.facebook.com\/undmica\/\" \/>\n<meta property=\"article:modified_time\" content=\"2026-03-28T17:22:38+00:00\" \/>\n<meta property=\"og:image\" content=\"https:\/\/undmica.de\/wp-content\/uploads\/2025\/08\/2503_DHK_SB_Fogelperspwktive-scaled.jpg\" \/>\n\t<meta property=\"og:image:width\" content=\"2560\" \/>\n\t<meta property=\"og:image:height\" content=\"1696\" \/>\n\t<meta property=\"og:image:type\" content=\"image\/jpeg\" \/>\n<meta name=\"twitter:card\" content=\"summary_large_image\" \/>\n<meta name=\"twitter:label1\" content=\"Est. reading time\" \/>\n\t<meta name=\"twitter:data1\" content=\"1 minute\" \/>\n<script type=\"application\/ld+json\" class=\"yoast-schema-graph\">{\"@context\":\"https:\/\/schema.org\",\"@graph\":[{\"@type\":\"WebPage\",\"@id\":\"https:\/\/undmica.de\/en\/projects\/\",\"url\":\"https:\/\/undmica.de\/en\/projects\/\",\"name\":\"Projects &MICA \u2013 Architecture for City & Society\",\"isPartOf\":{\"@id\":\"https:\/\/undmica.de\/en\/#website\"},\"primaryImageOfPage\":{\"@id\":\"https:\/\/undmica.de\/en\/projects\/#primaryimage\"},\"image\":{\"@id\":\"https:\/\/undmica.de\/en\/projects\/#primaryimage\"},\"thumbnailUrl\":\"https:\/\/undmica.de\/wp-content\/uploads\/2025\/08\/2503_DHK_SB_Fogelperspwktive-scaled.jpg\",\"datePublished\":\"2021-11-01T00:00:11+00:00\",\"dateModified\":\"2026-03-28T17:22:38+00:00\",\"description\":\"Pioneering architectural projects with sustainable solutions for living, working, and urban experience. Innovative, digital and future-ready.\",\"breadcrumb\":{\"@id\":\"https:\/\/undmica.de\/en\/projects\/#breadcrumb\"},\"inLanguage\":\"en-US\",\"potentialAction\":[{\"@type\":\"ReadAction\",\"target\":[\"https:\/\/undmica.de\/en\/projects\/\"]}]},{\"@type\":\"ImageObject\",\"inLanguage\":\"en-US\",\"@id\":\"https:\/\/undmica.de\/en\/projects\/#primaryimage\",\"url\":\"https:\/\/undmica.de\/wp-content\/uploads\/2025\/08\/2503_DHK_SB_Fogelperspwktive-scaled.jpg\",\"contentUrl\":\"https:\/\/undmica.de\/wp-content\/uploads\/2025\/08\/2503_DHK_SB_Fogelperspwktive-scaled.jpg\",\"width\":2560,\"height\":1696,\"caption\":\"Axonometrische Visualisierung des pr\u00e4mierten Entwurfs f\u00fcr das Baufeld 05 im Deutzer Hafen, K\u00f6ln. Im Vordergrund ein skulpturaler, runder Hochpunkt mit begr\u00fcntem Dach und \u00f6ffentlicher Erdgeschosszone. Dahinter gruppieren sich unterschiedlich hohe Bauk\u00f6rper mit klar strukturierten Fassaden, begr\u00fcnten D\u00e4chern und einem zentralen, begr\u00fcnten Innenhof. Die Komposition schafft ein lebendiges, urbanes Ensemble mit industriellen Ankl\u00e4ngen und durchl\u00e4ssigen Freir\u00e4umen.\"},{\"@type\":\"BreadcrumbList\",\"@id\":\"https:\/\/undmica.de\/en\/projects\/#breadcrumb\",\"itemListElement\":[{\"@type\":\"ListItem\",\"position\":1,\"name\":\"Home\",\"item\":\"https:\/\/undmica.de\/en\/\"},{\"@type\":\"ListItem\",\"position\":2,\"name\":\"Projects\"}]},{\"@type\":\"WebSite\",\"@id\":\"https:\/\/undmica.de\/en\/#website\",\"url\":\"https:\/\/undmica.de\/en\/\",\"name\":\"&MICA\",\"description\":\"Nachhaltige Architektur planen. Zukunftsf\u00e4hig und menschlich bauen.\",\"publisher\":{\"@id\":\"https:\/\/undmica.de\/en\/#organization\"},\"alternateName\":\"undmica\",\"potentialAction\":[{\"@type\":\"SearchAction\",\"target\":{\"@type\":\"EntryPoint\",\"urlTemplate\":\"https:\/\/undmica.de\/en\/?s={search_term_string}\"},\"query-input\":{\"@type\":\"PropertyValueSpecification\",\"valueRequired\":true,\"valueName\":\"search_term_string\"}}],\"inLanguage\":\"en-US\"},{\"@type\":\"Organization\",\"@id\":\"https:\/\/undmica.de\/en\/#organization\",\"name\":\"&MICA GmbH\",\"alternateName\":\"&MICA\",\"url\":\"https:\/\/undmica.de\/en\/\",\"logo\":{\"@type\":\"ImageObject\",\"inLanguage\":\"en-US\",\"@id\":\"https:\/\/undmica.de\/en\/#\/schema\/logo\/image\/\",\"url\":\"https:\/\/undmica.de\/wp-content\/uploads\/2025\/06\/Untitled.png\",\"contentUrl\":\"https:\/\/undmica.de\/wp-content\/uploads\/2025\/06\/Untitled.png\",\"width\":696,\"height\":696,\"caption\":\"&MICA GmbH\"},\"image\":{\"@id\":\"https:\/\/undmica.de\/en\/#\/schema\/logo\/image\/\"},\"sameAs\":[\"https:\/\/www.facebook.com\/undmica\/\",\"https:\/\/www.instagram.com\/undmica.de\/?hl=de\",\"https:\/\/www.linkedin.com\/company\/undmica\/?viewAsMember=true\",\"https:\/\/www.competitionline.com\/de\/bueros\/mica-gmbh-19220\",\"https:\/\/www.baunetz-architekten.de\/und-mica\/7396368\",\"https:\/\/de.pinterest.com\/undmica\/\"]}]}<\/script>\n<!-- \/ Yoast SEO plugin. -->","yoast_head_json":{"title":"Projects &MICA \u2013 Architecture for City & Society","description":"Pioneering architectural projects with sustainable solutions for living, working, and urban experience. Innovative, digital and future-ready.","robots":{"index":"index","follow":"follow","max-snippet":"max-snippet:-1","max-image-preview":"max-image-preview:large","max-video-preview":"max-video-preview:-1"},"canonical":"https:\/\/undmica.de\/en\/projects\/","og_locale":"en_US","og_type":"article","og_title":"Projects &MICA \u2013 Architecture for City & Society","og_description":"Pioneering architectural projects with sustainable solutions for living, working, and urban experience. Innovative, digital and future-ready.","og_url":"https:\/\/undmica.de\/en\/projects\/","og_site_name":"&amp;MICA","article_publisher":"https:\/\/www.facebook.com\/undmica\/","article_modified_time":"2026-03-28T17:22:38+00:00","og_image":[{"width":2560,"height":1696,"url":"https:\/\/undmica.de\/wp-content\/uploads\/2025\/08\/2503_DHK_SB_Fogelperspwktive-scaled.jpg","type":"image\/jpeg"}],"twitter_card":"summary_large_image","twitter_misc":{"Est. reading time":"1 minute"},"schema":{"@context":"https:\/\/schema.org","@graph":[{"@type":"WebPage","@id":"https:\/\/undmica.de\/en\/projects\/","url":"https:\/\/undmica.de\/en\/projects\/","name":"Projects &MICA \u2013 Architecture for City & Society","isPartOf":{"@id":"https:\/\/undmica.de\/en\/#website"},"primaryImageOfPage":{"@id":"https:\/\/undmica.de\/en\/projects\/#primaryimage"},"image":{"@id":"https:\/\/undmica.de\/en\/projects\/#primaryimage"},"thumbnailUrl":"https:\/\/undmica.de\/wp-content\/uploads\/2025\/08\/2503_DHK_SB_Fogelperspwktive-scaled.jpg","datePublished":"2021-11-01T00:00:11+00:00","dateModified":"2026-03-28T17:22:38+00:00","description":"Pioneering architectural projects with sustainable solutions for living, working, and urban experience. Innovative, digital and future-ready.","breadcrumb":{"@id":"https:\/\/undmica.de\/en\/projects\/#breadcrumb"},"inLanguage":"en-US","potentialAction":[{"@type":"ReadAction","target":["https:\/\/undmica.de\/en\/projects\/"]}]},{"@type":"ImageObject","inLanguage":"en-US","@id":"https:\/\/undmica.de\/en\/projects\/#primaryimage","url":"https:\/\/undmica.de\/wp-content\/uploads\/2025\/08\/2503_DHK_SB_Fogelperspwktive-scaled.jpg","contentUrl":"https:\/\/undmica.de\/wp-content\/uploads\/2025\/08\/2503_DHK_SB_Fogelperspwktive-scaled.jpg","width":2560,"height":1696,"caption":"Axonometrische Visualisierung des pr\u00e4mierten Entwurfs f\u00fcr das Baufeld 05 im Deutzer Hafen, K\u00f6ln. Im Vordergrund ein skulpturaler, runder Hochpunkt mit begr\u00fcntem Dach und \u00f6ffentlicher Erdgeschosszone. Dahinter gruppieren sich unterschiedlich hohe Bauk\u00f6rper mit klar strukturierten Fassaden, begr\u00fcnten D\u00e4chern und einem zentralen, begr\u00fcnten Innenhof. Die Komposition schafft ein lebendiges, urbanes Ensemble mit industriellen Ankl\u00e4ngen und durchl\u00e4ssigen Freir\u00e4umen."},{"@type":"BreadcrumbList","@id":"https:\/\/undmica.de\/en\/projects\/#breadcrumb","itemListElement":[{"@type":"ListItem","position":1,"name":"Home","item":"https:\/\/undmica.de\/en\/"},{"@type":"ListItem","position":2,"name":"Projects"}]},{"@type":"WebSite","@id":"https:\/\/undmica.de\/en\/#website","url":"https:\/\/undmica.de\/en\/","name":"&MICA","description":"Nachhaltige Architektur planen. Zukunftsf\u00e4hig und menschlich bauen.","publisher":{"@id":"https:\/\/undmica.de\/en\/#organization"},"alternateName":"undmica","potentialAction":[{"@type":"SearchAction","target":{"@type":"EntryPoint","urlTemplate":"https:\/\/undmica.de\/en\/?s={search_term_string}"},"query-input":{"@type":"PropertyValueSpecification","valueRequired":true,"valueName":"search_term_string"}}],"inLanguage":"en-US"},{"@type":"Organization","@id":"https:\/\/undmica.de\/en\/#organization","name":"&MICA GmbH","alternateName":"&MICA","url":"https:\/\/undmica.de\/en\/","logo":{"@type":"ImageObject","inLanguage":"en-US","@id":"https:\/\/undmica.de\/en\/#\/schema\/logo\/image\/","url":"https:\/\/undmica.de\/wp-content\/uploads\/2025\/06\/Untitled.png","contentUrl":"https:\/\/undmica.de\/wp-content\/uploads\/2025\/06\/Untitled.png","width":696,"height":696,"caption":"&MICA GmbH"},"image":{"@id":"https:\/\/undmica.de\/en\/#\/schema\/logo\/image\/"},"sameAs":["https:\/\/www.facebook.com\/undmica\/","https:\/\/www.instagram.com\/undmica.de\/?hl=de","https:\/\/www.linkedin.com\/company\/undmica\/?viewAsMember=true","https:\/\/www.competitionline.com\/de\/bueros\/mica-gmbh-19220","https:\/\/www.baunetz-architekten.de\/und-mica\/7396368","https:\/\/de.pinterest.com\/undmica\/"]}]}},"_links":{"self":[{"href":"https:\/\/undmica.de\/en\/wp-json\/wp\/v2\/pages\/3788","targetHints":{"allow":["GET"]}}],"collection":[{"href":"https:\/\/undmica.de\/en\/wp-json\/wp\/v2\/pages"}],"about":[{"href":"https:\/\/undmica.de\/en\/wp-json\/wp\/v2\/types\/page"}],"author":[{"embeddable":true,"href":"https:\/\/undmica.de\/en\/wp-json\/wp\/v2\/users\/5"}],"replies":[{"embeddable":true,"href":"https:\/\/undmica.de\/en\/wp-json\/wp\/v2\/comments?post=3788"}],"version-history":[{"count":4,"href":"https:\/\/undmica.de\/en\/wp-json\/wp\/v2\/pages\/3788\/revisions"}],"predecessor-version":[{"id":5370,"href":"https:\/\/undmica.de\/en\/wp-json\/wp\/v2\/pages\/3788\/revisions\/5370"}],"wp:featuredmedia":[{"embeddable":true,"href":"https:\/\/undmica.de\/en\/wp-json\/wp\/v2\/media\/21313"}],"wp:attachment":[{"href":"https:\/\/undmica.de\/en\/wp-json\/wp\/v2\/media?parent=3788"}],"curies":[{"name":"wp","href":"https:\/\/api.w.org\/{rel}","templated":true}]}}